{"id":595,"date":"2020-10-06T16:21:00","date_gmt":"2020-10-06T14:21:00","guid":{"rendered":"https:\/\/wundpraxis-biel.ch\/?page_id=595"},"modified":"2024-12-18T10:43:13","modified_gmt":"2024-12-18T09:43:13","slug":"notre-charte","status":"publish","type":"page","link":"https:\/\/wundpraxis-biel.ch\/fr\/notre-charte\/","title":{"rendered":"Notre charte"},"content":{"rendered":"<div class=\"wpb-content-wrapper\"><p>[vc_row][vc_column width=\u00a0\u00bb2\/3&Prime;][vc_column_text]<\/p>\n<p class=\"kein-abstand\"><strong>\u00abDans les soins, on ressent toujours un tiraillement \u2013 il s\u2019agit de trouver un \u00e9quilibre entre proximit\u00e9 et distance, paternalisme et libre arbitre, contr\u00f4le \u00a0et confiance, ce en privil\u00e9giant la confiance.\u00bb<\/strong><\/p>\n<p class=\"kein-abstand\" style=\"text-align: right;\"><em>Peter Barwitzki, Responsable des soins infirmiers<\/em><\/p>\n<p>&nbsp;<\/p>\n<p>Wundpraxis Biel est une organisation ind\u00e9pendante et autonome. Nous sommes deux sp\u00e9cialistes du traitement des plaies au b\u00e9n\u00e9fice d\u2019une exp\u00e9rience dans les soins ambulatoires et aigus. Notre activit\u00e9 essentielle porte sur le traitement des plaies, notamment les plaies chroniques et aigu\u00ebs.<br \/>\nLe cabinet est implant\u00e9 au sein du Centre M\u00e9dical Bienne, ce qui nous offre la possibilit\u00e9 d\u2019utiliser les infrastructures et les synergies de la maison.<\/p>\n<p>Nous collaborons avec des m\u00e9decins de famille, des sp\u00e9cialistes et des services param\u00e9dicaux. Nous proposons \u00e9galement nos services et notre expertise \u00e0 des institutions telles que les \u00e9tablissements m\u00e9dico-sociaux ou les centres m\u00e9dico-sociaux. La transparence est un aspect essentiel de notre collaboration avec toutes les parties prenantes.<\/p>\n<p>Notre travail est orient\u00e9 vers l\u2019efficacit\u00e9, l\u2019ad\u00e9quation et l\u2019\u00e9conomicit\u00e9 (crit\u00e8res EAE).<br \/>\nDans ce cadre, nous \u00e9valuons constamment notre travail. Des formations continues r\u00e9guli\u00e8res et l\u2019\u00e9change avec d\u2019autres professionnels sont pour nous une \u00e9vidence.<\/p>\n<p>Une attitude empathique, respectueuse et objective envers notre client\u00e8le est au centre de notre pratique. Chaque personne est trait\u00e9e de mani\u00e8re individuelle en fonction de sa plaie, en tenant compte de ses ressources et dans l\u2019objectif de maintenir la qualit\u00e9 de vie ou de l\u2019am\u00e9liorer.[\/vc_column_text][\/vc_column][vc_column width=\u00a0\u00bb1\/3&Prime;][\/vc_column][\/vc_row]<\/p>\n<\/div>","protected":false},"excerpt":{"rendered":"<p>[vc_row][vc_column width=\u00a0\u00bb2\/3&Prime;][vc_column_text] \u00abDans les soins, on ressent toujours un tiraillement \u2013 il s\u2019agit de trouver un \u00e9quilibre entre proximit\u00e9 et distance, paternalisme et libre arbitre, contr\u00f4le \u00a0et confiance, ce en privil\u00e9giant la confiance.\u00bb Peter Barwitzki, Responsable des soins infirmiers &nbsp; Wundpraxis Biel est une organisation ind\u00e9pendante et autonome. Nous sommes deux sp\u00e9cialistes du traitement des &#8230; <a title=\"Notre charte\" class=\"read-more\" href=\"https:\/\/wundpraxis-biel.ch\/fr\/notre-charte\/\" aria-label=\"En savoir plus sur Notre charte\">Lire la suite<\/a><\/p>\n","protected":false},"author":2,"featured_media":792,"parent":0,"menu_order":40,"comment_status":"closed","ping_status":"closed","template":"","meta":{"footnotes":""},"class_list":["post-595","page","type-page","status-publish","has-post-thumbnail"],"yoast_head":"<!-- This site is optimized with the Yoast SEO plugin v27.0 - https:\/\/yoast.com\/product\/yoast-seo-wordpress\/ -->\n<title>Notre charte &#8211; Wundpraxis Biel<\/title>\n<meta name=\"robots\" content=\"index, follow, max-snippet:-1, max-image-preview:large, max-video-preview:-1\" \/>\n<link rel=\"canonical\" href=\"https:\/\/wundpraxis-biel.ch\/fr\/notre-charte\/\" \/>\n<meta property=\"og:locale\" content=\"fr_FR\" \/>\n<meta property=\"og:type\" content=\"article\" \/>\n<meta property=\"og:title\" content=\"Notre charte &#8211; Wundpraxis Biel\" \/>\n<meta property=\"og:description\" content=\"[vc_row][vc_column width=\u00a0\u00bb2\/3&Prime;][vc_column_text] \u00abDans les soins, on ressent toujours un tiraillement \u2013 il s\u2019agit de trouver un \u00e9quilibre entre proximit\u00e9 et distance, paternalisme et libre arbitre, contr\u00f4le \u00a0et confiance, ce en privil\u00e9giant la confiance.\u00bb Peter Barwitzki, Responsable des soins infirmiers &nbsp; Wundpraxis Biel est une organisation ind\u00e9pendante et autonome. Nous sommes deux sp\u00e9cialistes du traitement des ... Lire la suite\" \/>\n<meta property=\"og:url\" content=\"https:\/\/wundpraxis-biel.ch\/fr\/notre-charte\/\" \/>\n<meta property=\"og:site_name\" content=\"Wundpraxis Biel\" \/>\n<meta property=\"article:modified_time\" content=\"2024-12-18T09:43:13+00:00\" \/>\n<meta property=\"og:image\" content=\"https:\/\/wundpraxis-biel.ch\/wp-content\/uploads\/2024\/12\/Leitbild-0470-1.webp\" \/>\n\t<meta property=\"og:image:width\" content=\"1920\" \/>\n\t<meta property=\"og:image:height\" content=\"823\" \/>\n\t<meta property=\"og:image:type\" content=\"image\/webp\" \/>\n<meta name=\"twitter:card\" content=\"summary_large_image\" \/>\n<meta name=\"twitter:label1\" content=\"Dur\u00e9e de lecture estim\u00e9e\" \/>\n\t<meta name=\"twitter:data1\" content=\"2 minutes\" \/>\n<script type=\"application\/ld+json\" class=\"yoast-schema-graph\">{\"@context\":\"https:\/\/schema.org\",\"@graph\":[{\"@type\":\"WebPage\",\"@id\":\"https:\/\/wundpraxis-biel.ch\/fr\/notre-charte\/\",\"url\":\"https:\/\/wundpraxis-biel.ch\/fr\/notre-charte\/\",\"name\":\"Notre charte &#8211; Wundpraxis Biel\",\"isPartOf\":{\"@id\":\"https:\/\/wundpraxis-biel.ch\/#website\"},\"primaryImageOfPage\":{\"@id\":\"https:\/\/wundpraxis-biel.ch\/fr\/notre-charte\/#primaryimage\"},\"image\":{\"@id\":\"https:\/\/wundpraxis-biel.ch\/fr\/notre-charte\/#primaryimage\"},\"thumbnailUrl\":\"https:\/\/wundpraxis-biel.ch\/wp-content\/uploads\/2024\/12\/Leitbild-0470-1.webp\",\"datePublished\":\"2020-10-06T14:21:00+00:00\",\"dateModified\":\"2024-12-18T09:43:13+00:00\",\"breadcrumb\":{\"@id\":\"https:\/\/wundpraxis-biel.ch\/fr\/notre-charte\/#breadcrumb\"},\"inLanguage\":\"fr-FR\",\"potentialAction\":[{\"@type\":\"ReadAction\",\"target\":[\"https:\/\/wundpraxis-biel.ch\/fr\/notre-charte\/\"]}]},{\"@type\":\"ImageObject\",\"inLanguage\":\"fr-FR\",\"@id\":\"https:\/\/wundpraxis-biel.ch\/fr\/notre-charte\/#primaryimage\",\"url\":\"https:\/\/wundpraxis-biel.ch\/wp-content\/uploads\/2024\/12\/Leitbild-0470-1.webp\",\"contentUrl\":\"https:\/\/wundpraxis-biel.ch\/wp-content\/uploads\/2024\/12\/Leitbild-0470-1.webp\",\"width\":1920,\"height\":823},{\"@type\":\"BreadcrumbList\",\"@id\":\"https:\/\/wundpraxis-biel.ch\/fr\/notre-charte\/#breadcrumb\",\"itemListElement\":[{\"@type\":\"ListItem\",\"position\":1,\"name\":\"Startseite\",\"item\":\"https:\/\/wundpraxis-biel.ch\/fr\/presentation\/\"},{\"@type\":\"ListItem\",\"position\":2,\"name\":\"Notre charte\"}]},{\"@type\":\"WebSite\",\"@id\":\"https:\/\/wundpraxis-biel.ch\/#website\",\"url\":\"https:\/\/wundpraxis-biel.ch\/\",\"name\":\"Wundpraxis Biel\",\"description\":\"\",\"publisher\":{\"@id\":\"https:\/\/wundpraxis-biel.ch\/#organization\"},\"potentialAction\":[{\"@type\":\"SearchAction\",\"target\":{\"@type\":\"EntryPoint\",\"urlTemplate\":\"https:\/\/wundpraxis-biel.ch\/?s={search_term_string}\"},\"query-input\":{\"@type\":\"PropertyValueSpecification\",\"valueRequired\":true,\"valueName\":\"search_term_string\"}}],\"inLanguage\":\"fr-FR\"},{\"@type\":\"Organization\",\"@id\":\"https:\/\/wundpraxis-biel.ch\/#organization\",\"name\":\"Wundpraxis Biel\",\"url\":\"https:\/\/wundpraxis-biel.ch\/\",\"logo\":{\"@type\":\"ImageObject\",\"inLanguage\":\"fr-FR\",\"@id\":\"https:\/\/wundpraxis-biel.ch\/#\/schema\/logo\/image\/\",\"url\":\"https:\/\/wundpraxis-biel.ch\/wp-content\/uploads\/2016\/10\/Wundpraxis_Biel.png\",\"contentUrl\":\"https:\/\/wundpraxis-biel.ch\/wp-content\/uploads\/2016\/10\/Wundpraxis_Biel.png\",\"width\":417,\"height\":66,\"caption\":\"Wundpraxis Biel\"},\"image\":{\"@id\":\"https:\/\/wundpraxis-biel.ch\/#\/schema\/logo\/image\/\"}}]}<\/script>\n<!-- \/ Yoast SEO plugin. -->","yoast_head_json":{"title":"Notre charte &#8211; Wundpraxis Biel","robots":{"index":"index","follow":"follow","max-snippet":"max-snippet:-1","max-image-preview":"max-image-preview:large","max-video-preview":"max-video-preview:-1"},"canonical":"https:\/\/wundpraxis-biel.ch\/fr\/notre-charte\/","og_locale":"fr_FR","og_type":"article","og_title":"Notre charte &#8211; Wundpraxis Biel","og_description":"[vc_row][vc_column width=\u00a0\u00bb2\/3&Prime;][vc_column_text] \u00abDans les soins, on ressent toujours un tiraillement \u2013 il s\u2019agit de trouver un \u00e9quilibre entre proximit\u00e9 et distance, paternalisme et libre arbitre, contr\u00f4le \u00a0et confiance, ce en privil\u00e9giant la confiance.\u00bb Peter Barwitzki, Responsable des soins infirmiers &nbsp; Wundpraxis Biel est une organisation ind\u00e9pendante et autonome. Nous sommes deux sp\u00e9cialistes du traitement des ... Lire la suite","og_url":"https:\/\/wundpraxis-biel.ch\/fr\/notre-charte\/","og_site_name":"Wundpraxis Biel","article_modified_time":"2024-12-18T09:43:13+00:00","og_image":[{"width":1920,"height":823,"url":"https:\/\/wundpraxis-biel.ch\/wp-content\/uploads\/2024\/12\/Leitbild-0470-1.webp","type":"image\/webp"}],"twitter_card":"summary_large_image","twitter_misc":{"Dur\u00e9e de lecture estim\u00e9e":"2 minutes"},"schema":{"@context":"https:\/\/schema.org","@graph":[{"@type":"WebPage","@id":"https:\/\/wundpraxis-biel.ch\/fr\/notre-charte\/","url":"https:\/\/wundpraxis-biel.ch\/fr\/notre-charte\/","name":"Notre charte &#8211; Wundpraxis Biel","isPartOf":{"@id":"https:\/\/wundpraxis-biel.ch\/#website"},"primaryImageOfPage":{"@id":"https:\/\/wundpraxis-biel.ch\/fr\/notre-charte\/#primaryimage"},"image":{"@id":"https:\/\/wundpraxis-biel.ch\/fr\/notre-charte\/#primaryimage"},"thumbnailUrl":"https:\/\/wundpraxis-biel.ch\/wp-content\/uploads\/2024\/12\/Leitbild-0470-1.webp","datePublished":"2020-10-06T14:21:00+00:00","dateModified":"2024-12-18T09:43:13+00:00","breadcrumb":{"@id":"https:\/\/wundpraxis-biel.ch\/fr\/notre-charte\/#breadcrumb"},"inLanguage":"fr-FR","potentialAction":[{"@type":"ReadAction","target":["https:\/\/wundpraxis-biel.ch\/fr\/notre-charte\/"]}]},{"@type":"ImageObject","inLanguage":"fr-FR","@id":"https:\/\/wundpraxis-biel.ch\/fr\/notre-charte\/#primaryimage","url":"https:\/\/wundpraxis-biel.ch\/wp-content\/uploads\/2024\/12\/Leitbild-0470-1.webp","contentUrl":"https:\/\/wundpraxis-biel.ch\/wp-content\/uploads\/2024\/12\/Leitbild-0470-1.webp","width":1920,"height":823},{"@type":"BreadcrumbList","@id":"https:\/\/wundpraxis-biel.ch\/fr\/notre-charte\/#breadcrumb","itemListElement":[{"@type":"ListItem","position":1,"name":"Startseite","item":"https:\/\/wundpraxis-biel.ch\/fr\/presentation\/"},{"@type":"ListItem","position":2,"name":"Notre charte"}]},{"@type":"WebSite","@id":"https:\/\/wundpraxis-biel.ch\/#website","url":"https:\/\/wundpraxis-biel.ch\/","name":"Wundpraxis Biel","description":"","publisher":{"@id":"https:\/\/wundpraxis-biel.ch\/#organization"},"potentialAction":[{"@type":"SearchAction","target":{"@type":"EntryPoint","urlTemplate":"https:\/\/wundpraxis-biel.ch\/?s={search_term_string}"},"query-input":{"@type":"PropertyValueSpecification","valueRequired":true,"valueName":"search_term_string"}}],"inLanguage":"fr-FR"},{"@type":"Organization","@id":"https:\/\/wundpraxis-biel.ch\/#organization","name":"Wundpraxis Biel","url":"https:\/\/wundpraxis-biel.ch\/","logo":{"@type":"ImageObject","inLanguage":"fr-FR","@id":"https:\/\/wundpraxis-biel.ch\/#\/schema\/logo\/image\/","url":"https:\/\/wundpraxis-biel.ch\/wp-content\/uploads\/2016\/10\/Wundpraxis_Biel.png","contentUrl":"https:\/\/wundpraxis-biel.ch\/wp-content\/uploads\/2016\/10\/Wundpraxis_Biel.png","width":417,"height":66,"caption":"Wundpraxis Biel"},"image":{"@id":"https:\/\/wundpraxis-biel.ch\/#\/schema\/logo\/image\/"}}]}},"_links":{"self":[{"href":"https:\/\/wundpraxis-biel.ch\/fr\/wp-json\/wp\/v2\/pages\/595","targetHints":{"allow":["GET"]}}],"collection":[{"href":"https:\/\/wundpraxis-biel.ch\/fr\/wp-json\/wp\/v2\/pages"}],"about":[{"href":"https:\/\/wundpraxis-biel.ch\/fr\/wp-json\/wp\/v2\/types\/page"}],"author":[{"embeddable":true,"href":"https:\/\/wundpraxis-biel.ch\/fr\/wp-json\/wp\/v2\/users\/2"}],"replies":[{"embeddable":true,"href":"https:\/\/wundpraxis-biel.ch\/fr\/wp-json\/wp\/v2\/comments?post=595"}],"version-history":[{"count":7,"href":"https:\/\/wundpraxis-biel.ch\/fr\/wp-json\/wp\/v2\/pages\/595\/revisions"}],"predecessor-version":[{"id":635,"href":"https:\/\/wundpraxis-biel.ch\/fr\/wp-json\/wp\/v2\/pages\/595\/revisions\/635"}],"wp:featuredmedia":[{"embeddable":true,"href":"https:\/\/wundpraxis-biel.ch\/fr\/wp-json\/wp\/v2\/media\/792"}],"wp:attachment":[{"href":"https:\/\/wundpraxis-biel.ch\/fr\/wp-json\/wp\/v2\/media?parent=595"}],"curies":[{"name":"wp","href":"https:\/\/api.w.org\/{rel}","templated":true}]}}