{"id":438,"date":"2017-01-23T10:21:55","date_gmt":"2017-01-23T09:21:55","guid":{"rendered":"https:\/\/wundpraxis-biel.ch\/?page_id=438\/"},"modified":"2024-12-18T10:57:38","modified_gmt":"2024-12-18T09:57:38","slug":"couts-financement","status":"publish","type":"page","link":"https:\/\/wundpraxis-biel.ch\/fr\/couts-financement\/","title":{"rendered":"Co\u00fbts \/ Financement"},"content":{"rendered":"<div class=\"wpb-content-wrapper\"><p>[vc_row el_class=\u00a0\u00bbbox-sidebar\u00a0\u00bb][vc_column width=\u00a0\u00bb2\/3&Prime;][vc_column_text css=\u00a0\u00bb\u00a0\u00bb]<\/p>\n<p class=\"kein-abstand\"><strong>Co\u00fbts pris en charge par la caisse-maladie<\/strong><\/p>\n<ul>\n<li>Evaluation, conseils et coordination<br \/>\nen vertu de l\u2019art. 7, al. 2, let. a OPAS : CHF 76.90<\/li>\n<li>Examens et traitements<br \/>\nen vertu de l\u2019art. 7, al. 2, let. b OPAS : CHF 63.00<\/li>\n<li>Soins de base<br \/>\nen vertu de l\u2019art. 7, al. 2, let. c OPAS : CHF 52.60<\/li>\n<\/ul>\n<p>Remarque sur les prestations OPAS a : Le tarif a comprend la prise de l&rsquo;anamn\u00e8se, l&rsquo;\u00e9tablissement et le traitement de la documentation des soins et des photos, l&rsquo;\u00e9tablissement de rapports destin\u00e9s aux m\u00e9decins, aux institutions et aux assurances-maladie, les conseils et renseignements t\u00e9l\u00e9phoniques aux clients ou aux proches. La charge en soins est saisie par acte individuel.<\/p>\n<p><strong>Participation du patient<\/strong><br \/>\nDepuis le 1er avril 2018, les patientes et les patients du canton de Berne \u00e2g\u00e9s de plus de 65 ans doivent participer aux co\u00fbts des soins ambulatoires. D\u2019un montant maximal de CHF 15.35 par jour, leur contribution est fix\u00e9e en fonction de la dur\u00e9e de l\u2019intervention depuis 1er janvier 2020.<\/p>\n<p>Les services et personnes titulaires d\u2019une autorisation de fournir des prestations d\u2019aide et de soins \u00e0 domicile et recevant pour ce faire des subventions cantonales (ci-apr\u00e8s prestataires) sont tenus de facturer cette participation aux personnes concern\u00e9es. Les b\u00e9n\u00e9ficiaires de prestations compl\u00e9mentaires peuvent se la faire rembourser par l\u2019agence AVS comp\u00e9tente.<\/p>\n<p>La caisse d&rsquo;assurance maladie ne proc\u00e8de \u00e0 aucun remboursement pour la participation du patient.<\/p>\n<p><strong>Co\u00fbts des patients r\u00e9sidant en EMS et institutions similaires <\/strong><br \/>\nLes co\u00fbts des prestations de conseils et de soins de plaies dispens\u00e9es aux clients r\u00e9sidant en EMS ou dans des institutions similaires ne sont pas pris en charge par les caisses-maladie. Nous sommes donc contraints de les facturer aux institutions.<\/p>\n<p class=\"kein-abstand\"><strong>Tarifs<\/strong><\/p>\n<ul>\n<li>Evaluation, conseils et coordination: CHF 120.\u2013<\/li>\n<li>Evaluation, conseils et coordination: CHF 120.\u2013<\/li>\n<\/ul>\n<p class=\"kein-abstand\"><strong>Conditions pour les rappels, les modifications ou les annulations de rendez-vous<\/strong><\/p>\n<ul>\n<li>Frais de rappel : CHF 10.\u2013 sont factur\u00e9s pour le 1er rappel et CHF 25.\u2013 pour le 2e rappel.<\/li>\n<li>Les modifications ou annulations de rendez-vous sont possibles par t\u00e9l\u00e9phone 24 heures \u00e0 l&rsquo;avance pendant nos heures de bureau.<\/li>\n<li>En cas de rendez-vous non honor\u00e9s et non excus\u00e9s, un montant de CHF 105.\u2013 vous sera factur\u00e9. Ce montant doit \u00eatre r\u00e9gl\u00e9 par carte ou en esp\u00e8ces lors du rendez-vous suivant. Nous accordons des exceptions en cas d&rsquo;urgence ou d&rsquo;hospitalisation.<\/li>\n<\/ul>\n<p>[\/vc_column_text][\/vc_column][vc_column width=\u00a0\u00bb1\/3&Prime;][vc_column_text css=\u00a0\u00bb.vc_custom_1712327623193{padding-top: 18px !important;padding-right: 28px !important;padding-bottom: 18px !important;padding-left: 28px !important;background-color: #d5e497 !important;border-radius: 10px !important;}\u00a0\u00bb el_class=\u00a0\u00bbbox\u00a0\u00bb]<strong>Formulaires<\/strong><\/p>\n<ul>\n<li class=\"kein-abstand\"><a href=\"https:\/\/wundpraxis-biel.ch\/wp-content\/uploads\/2024\/04\/Einwilligungserklaerung_Patientenformular_franzoesisch.pdf\" target=\"_blank\" rel=\"noopener noreferrer\">D\u00e9claration de consentement (PDF)<\/a><\/li>\n<li class=\"kein-abstand\"><a href=\"https:\/\/wundpraxis-biel.ch\/wp-content\/uploads\/2020\/09\/Merkblatt-franz..pdf\" target=\"_blank\" rel=\"noopener noreferrer\">Aide-m\u00e9moire (PDF)<\/a><\/li>\n<li class=\"kein-abstand\"><a href=\"https:\/\/wundpraxis-biel.ch\/wp-content\/uploads\/2017\/01\/wundpraxis-biel-Questionnaire.docx\" target=\"_blank\" rel=\"noopener noreferrer\">Questionnaire sur nos prestations (Word)<\/a><\/li>\n<\/ul>\n<p>[\/vc_column_text][\/vc_column][\/vc_row]<\/p>\n<\/div>","protected":false},"excerpt":{"rendered":"<p>[vc_row el_class=\u00a0\u00bbbox-sidebar\u00a0\u00bb][vc_column width=\u00a0\u00bb2\/3&Prime;][vc_column_text css=\u00a0\u00bb\u00a0\u00bb] Co\u00fbts pris en charge par la caisse-maladie Evaluation, conseils et coordination en vertu de l\u2019art. 7, al. 2, let. a OPAS : CHF 76.90 Examens et traitements en vertu de l\u2019art. 7, al. 2, let. b OPAS : CHF 63.00 Soins de base en vertu de l\u2019art. 7, al. 2, let. &#8230; <a title=\"Co\u00fbts \/ Financement\" class=\"read-more\" href=\"https:\/\/wundpraxis-biel.ch\/fr\/couts-financement\/\" aria-label=\"En savoir plus sur Co\u00fbts \/ Financement\">Lire la suite<\/a><\/p>\n","protected":false},"author":1,"featured_media":790,"parent":0,"menu_order":30,"comment_status":"closed","ping_status":"closed","template":"","meta":{"footnotes":""},"class_list":["post-438","page","type-page","status-publish","has-post-thumbnail"],"yoast_head":"<!-- This site is optimized with the Yoast SEO plugin v27.0 - https:\/\/yoast.com\/product\/yoast-seo-wordpress\/ -->\n<title>Co\u00fbts \/ Financement &#8211; Wundpraxis Biel<\/title>\n<meta name=\"robots\" content=\"index, follow, max-snippet:-1, max-image-preview:large, max-video-preview:-1\" \/>\n<link rel=\"canonical\" href=\"https:\/\/wundpraxis-biel.ch\/fr\/couts-financement\/\" \/>\n<meta property=\"og:locale\" content=\"fr_FR\" \/>\n<meta property=\"og:type\" content=\"article\" \/>\n<meta property=\"og:title\" content=\"Co\u00fbts \/ Financement &#8211; Wundpraxis Biel\" \/>\n<meta property=\"og:description\" content=\"[vc_row el_class=\u00a0\u00bbbox-sidebar\u00a0\u00bb][vc_column width=\u00a0\u00bb2\/3&Prime;][vc_column_text css=\u00a0\u00bb\u00a0\u00bb] Co\u00fbts pris en charge par la caisse-maladie Evaluation, conseils et coordination en vertu de l\u2019art. 7, al. 2, let. a OPAS : CHF 76.90 Examens et traitements en vertu de l\u2019art. 7, al. 2, let. b OPAS : CHF 63.00 Soins de base en vertu de l\u2019art. 7, al. 2, let. ... Lire la suite\" \/>\n<meta property=\"og:url\" content=\"https:\/\/wundpraxis-biel.ch\/fr\/couts-financement\/\" \/>\n<meta property=\"og:site_name\" content=\"Wundpraxis Biel\" \/>\n<meta property=\"article:modified_time\" content=\"2024-12-18T09:57:38+00:00\" \/>\n<meta property=\"og:image\" content=\"https:\/\/wundpraxis-biel.ch\/wp-content\/uploads\/2024\/12\/Kosten-0553-1.webp\" \/>\n\t<meta property=\"og:image:width\" content=\"1920\" \/>\n\t<meta property=\"og:image:height\" content=\"823\" \/>\n\t<meta property=\"og:image:type\" content=\"image\/webp\" \/>\n<meta name=\"twitter:card\" content=\"summary_large_image\" \/>\n<meta name=\"twitter:label1\" content=\"Dur\u00e9e de lecture estim\u00e9e\" \/>\n\t<meta name=\"twitter:data1\" content=\"3 minutes\" \/>\n<script type=\"application\/ld+json\" class=\"yoast-schema-graph\">{\"@context\":\"https:\/\/schema.org\",\"@graph\":[{\"@type\":\"WebPage\",\"@id\":\"https:\/\/wundpraxis-biel.ch\/fr\/couts-financement\/\",\"url\":\"https:\/\/wundpraxis-biel.ch\/fr\/couts-financement\/\",\"name\":\"Co\u00fbts \/ Financement &#8211; Wundpraxis Biel\",\"isPartOf\":{\"@id\":\"https:\/\/wundpraxis-biel.ch\/#website\"},\"primaryImageOfPage\":{\"@id\":\"https:\/\/wundpraxis-biel.ch\/fr\/couts-financement\/#primaryimage\"},\"image\":{\"@id\":\"https:\/\/wundpraxis-biel.ch\/fr\/couts-financement\/#primaryimage\"},\"thumbnailUrl\":\"https:\/\/wundpraxis-biel.ch\/wp-content\/uploads\/2024\/12\/Kosten-0553-1.webp\",\"datePublished\":\"2017-01-23T09:21:55+00:00\",\"dateModified\":\"2024-12-18T09:57:38+00:00\",\"breadcrumb\":{\"@id\":\"https:\/\/wundpraxis-biel.ch\/fr\/couts-financement\/#breadcrumb\"},\"inLanguage\":\"fr-FR\",\"potentialAction\":[{\"@type\":\"ReadAction\",\"target\":[\"https:\/\/wundpraxis-biel.ch\/fr\/couts-financement\/\"]}]},{\"@type\":\"ImageObject\",\"inLanguage\":\"fr-FR\",\"@id\":\"https:\/\/wundpraxis-biel.ch\/fr\/couts-financement\/#primaryimage\",\"url\":\"https:\/\/wundpraxis-biel.ch\/wp-content\/uploads\/2024\/12\/Kosten-0553-1.webp\",\"contentUrl\":\"https:\/\/wundpraxis-biel.ch\/wp-content\/uploads\/2024\/12\/Kosten-0553-1.webp\",\"width\":1920,\"height\":823},{\"@type\":\"BreadcrumbList\",\"@id\":\"https:\/\/wundpraxis-biel.ch\/fr\/couts-financement\/#breadcrumb\",\"itemListElement\":[{\"@type\":\"ListItem\",\"position\":1,\"name\":\"Startseite\",\"item\":\"https:\/\/wundpraxis-biel.ch\/fr\/presentation\/\"},{\"@type\":\"ListItem\",\"position\":2,\"name\":\"Co\u00fbts \/ Financement\"}]},{\"@type\":\"WebSite\",\"@id\":\"https:\/\/wundpraxis-biel.ch\/#website\",\"url\":\"https:\/\/wundpraxis-biel.ch\/\",\"name\":\"Wundpraxis Biel\",\"description\":\"\",\"publisher\":{\"@id\":\"https:\/\/wundpraxis-biel.ch\/#organization\"},\"potentialAction\":[{\"@type\":\"SearchAction\",\"target\":{\"@type\":\"EntryPoint\",\"urlTemplate\":\"https:\/\/wundpraxis-biel.ch\/?s={search_term_string}\"},\"query-input\":{\"@type\":\"PropertyValueSpecification\",\"valueRequired\":true,\"valueName\":\"search_term_string\"}}],\"inLanguage\":\"fr-FR\"},{\"@type\":\"Organization\",\"@id\":\"https:\/\/wundpraxis-biel.ch\/#organization\",\"name\":\"Wundpraxis Biel\",\"url\":\"https:\/\/wundpraxis-biel.ch\/\",\"logo\":{\"@type\":\"ImageObject\",\"inLanguage\":\"fr-FR\",\"@id\":\"https:\/\/wundpraxis-biel.ch\/#\/schema\/logo\/image\/\",\"url\":\"https:\/\/wundpraxis-biel.ch\/wp-content\/uploads\/2016\/10\/Wundpraxis_Biel.png\",\"contentUrl\":\"https:\/\/wundpraxis-biel.ch\/wp-content\/uploads\/2016\/10\/Wundpraxis_Biel.png\",\"width\":417,\"height\":66,\"caption\":\"Wundpraxis Biel\"},\"image\":{\"@id\":\"https:\/\/wundpraxis-biel.ch\/#\/schema\/logo\/image\/\"}}]}<\/script>\n<!-- \/ Yoast SEO plugin. -->","yoast_head_json":{"title":"Co\u00fbts \/ Financement &#8211; Wundpraxis Biel","robots":{"index":"index","follow":"follow","max-snippet":"max-snippet:-1","max-image-preview":"max-image-preview:large","max-video-preview":"max-video-preview:-1"},"canonical":"https:\/\/wundpraxis-biel.ch\/fr\/couts-financement\/","og_locale":"fr_FR","og_type":"article","og_title":"Co\u00fbts \/ Financement &#8211; Wundpraxis Biel","og_description":"[vc_row el_class=\u00a0\u00bbbox-sidebar\u00a0\u00bb][vc_column width=\u00a0\u00bb2\/3&Prime;][vc_column_text css=\u00a0\u00bb\u00a0\u00bb] Co\u00fbts pris en charge par la caisse-maladie Evaluation, conseils et coordination en vertu de l\u2019art. 7, al. 2, let. a OPAS : CHF 76.90 Examens et traitements en vertu de l\u2019art. 7, al. 2, let. b OPAS : CHF 63.00 Soins de base en vertu de l\u2019art. 7, al. 2, let. ... Lire la suite","og_url":"https:\/\/wundpraxis-biel.ch\/fr\/couts-financement\/","og_site_name":"Wundpraxis Biel","article_modified_time":"2024-12-18T09:57:38+00:00","og_image":[{"width":1920,"height":823,"url":"https:\/\/wundpraxis-biel.ch\/wp-content\/uploads\/2024\/12\/Kosten-0553-1.webp","type":"image\/webp"}],"twitter_card":"summary_large_image","twitter_misc":{"Dur\u00e9e de lecture estim\u00e9e":"3 minutes"},"schema":{"@context":"https:\/\/schema.org","@graph":[{"@type":"WebPage","@id":"https:\/\/wundpraxis-biel.ch\/fr\/couts-financement\/","url":"https:\/\/wundpraxis-biel.ch\/fr\/couts-financement\/","name":"Co\u00fbts \/ Financement &#8211; Wundpraxis Biel","isPartOf":{"@id":"https:\/\/wundpraxis-biel.ch\/#website"},"primaryImageOfPage":{"@id":"https:\/\/wundpraxis-biel.ch\/fr\/couts-financement\/#primaryimage"},"image":{"@id":"https:\/\/wundpraxis-biel.ch\/fr\/couts-financement\/#primaryimage"},"thumbnailUrl":"https:\/\/wundpraxis-biel.ch\/wp-content\/uploads\/2024\/12\/Kosten-0553-1.webp","datePublished":"2017-01-23T09:21:55+00:00","dateModified":"2024-12-18T09:57:38+00:00","breadcrumb":{"@id":"https:\/\/wundpraxis-biel.ch\/fr\/couts-financement\/#breadcrumb"},"inLanguage":"fr-FR","potentialAction":[{"@type":"ReadAction","target":["https:\/\/wundpraxis-biel.ch\/fr\/couts-financement\/"]}]},{"@type":"ImageObject","inLanguage":"fr-FR","@id":"https:\/\/wundpraxis-biel.ch\/fr\/couts-financement\/#primaryimage","url":"https:\/\/wundpraxis-biel.ch\/wp-content\/uploads\/2024\/12\/Kosten-0553-1.webp","contentUrl":"https:\/\/wundpraxis-biel.ch\/wp-content\/uploads\/2024\/12\/Kosten-0553-1.webp","width":1920,"height":823},{"@type":"BreadcrumbList","@id":"https:\/\/wundpraxis-biel.ch\/fr\/couts-financement\/#breadcrumb","itemListElement":[{"@type":"ListItem","position":1,"name":"Startseite","item":"https:\/\/wundpraxis-biel.ch\/fr\/presentation\/"},{"@type":"ListItem","position":2,"name":"Co\u00fbts \/ Financement"}]},{"@type":"WebSite","@id":"https:\/\/wundpraxis-biel.ch\/#website","url":"https:\/\/wundpraxis-biel.ch\/","name":"Wundpraxis Biel","description":"","publisher":{"@id":"https:\/\/wundpraxis-biel.ch\/#organization"},"potentialAction":[{"@type":"SearchAction","target":{"@type":"EntryPoint","urlTemplate":"https:\/\/wundpraxis-biel.ch\/?s={search_term_string}"},"query-input":{"@type":"PropertyValueSpecification","valueRequired":true,"valueName":"search_term_string"}}],"inLanguage":"fr-FR"},{"@type":"Organization","@id":"https:\/\/wundpraxis-biel.ch\/#organization","name":"Wundpraxis Biel","url":"https:\/\/wundpraxis-biel.ch\/","logo":{"@type":"ImageObject","inLanguage":"fr-FR","@id":"https:\/\/wundpraxis-biel.ch\/#\/schema\/logo\/image\/","url":"https:\/\/wundpraxis-biel.ch\/wp-content\/uploads\/2016\/10\/Wundpraxis_Biel.png","contentUrl":"https:\/\/wundpraxis-biel.ch\/wp-content\/uploads\/2016\/10\/Wundpraxis_Biel.png","width":417,"height":66,"caption":"Wundpraxis Biel"},"image":{"@id":"https:\/\/wundpraxis-biel.ch\/#\/schema\/logo\/image\/"}}]}},"_links":{"self":[{"href":"https:\/\/wundpraxis-biel.ch\/fr\/wp-json\/wp\/v2\/pages\/438","targetHints":{"allow":["GET"]}}],"collection":[{"href":"https:\/\/wundpraxis-biel.ch\/fr\/wp-json\/wp\/v2\/pages"}],"about":[{"href":"https:\/\/wundpraxis-biel.ch\/fr\/wp-json\/wp\/v2\/types\/page"}],"author":[{"embeddable":true,"href":"https:\/\/wundpraxis-biel.ch\/fr\/wp-json\/wp\/v2\/users\/1"}],"replies":[{"embeddable":true,"href":"https:\/\/wundpraxis-biel.ch\/fr\/wp-json\/wp\/v2\/comments?post=438"}],"version-history":[{"count":25,"href":"https:\/\/wundpraxis-biel.ch\/fr\/wp-json\/wp\/v2\/pages\/438\/revisions"}],"predecessor-version":[{"id":808,"href":"https:\/\/wundpraxis-biel.ch\/fr\/wp-json\/wp\/v2\/pages\/438\/revisions\/808"}],"wp:featuredmedia":[{"embeddable":true,"href":"https:\/\/wundpraxis-biel.ch\/fr\/wp-json\/wp\/v2\/media\/790"}],"wp:attachment":[{"href":"https:\/\/wundpraxis-biel.ch\/fr\/wp-json\/wp\/v2\/media?parent=438"}],"curies":[{"name":"wp","href":"https:\/\/api.w.org\/{rel}","templated":true}]}}